{"id":866,"date":"2024-03-08T10:14:40","date_gmt":"2024-03-08T08:14:40","guid":{"rendered":"https:\/\/thelema.si\/?page_id=866"},"modified":"2025-08-27T10:38:47","modified_gmt":"2025-08-27T08:38:47","slug":"31-let-zalozbe","status":"publish","type":"page","link":"https:\/\/thelema.si\/index.php\/31-let-zalozbe\/","title":{"rendered":"31"},"content":{"rendered":"<p style=\"text-align: left;\">let mineva od izida prve knjige pri zalo\u017ebi Ibis.<\/p>\n<p style=\"text-align: left;\"><strong>1. decembra leta 1993<\/strong> so iz\u0161le <a href=\"https:\/\/plus.cobiss.net\/cobiss\/si\/sl\/bib\/36110080\" target=\"_blank\" rel=\"noopener\"><strong>Svete Knjige Teleme<\/strong><\/a>. Prevedel in z uvodom opremil jih je Janez Trobentar, ki je pred tem v samozalo\u017ebi \u017ee izdal <a href=\"https:\/\/plus.cobiss.net\/cobiss\/si\/sl\/bib\/57969665\" target=\"_blank\" rel=\"noopener\"><strong>Knjigo La\u017ei<\/strong><\/a> (1985) in <a href=\"https:\/\/plus.cobiss.net\/cobiss\/si\/sl\/bib\/8541696\" target=\"_blank\" rel=\"noopener\"><strong>Knjigo Zakona<\/strong><\/a> (1986).<\/p>\n<p>Izdaji Svetih Knjig Teleme je v okviru <strong>Studia za Alkibernetiko<\/strong> sledila izdaja <strong>Revij Magike za novo Kurtuazijo<\/strong>: <strong>NOX I<\/strong> (1994), <strong>NOX II<\/strong> (1995) in <strong>NOX III<\/strong> (2001). Leta 2006 pa je v sodelovanju z zalo\u017ebo Stella iz\u0161el \u0161e Trobentarjev prvenec <a href=\"https:\/\/plus.cobiss.net\/cobiss\/si\/sl\/bib\/224881152\" target=\"_blank\" rel=\"noopener\"><strong>\u010clovek, Sfinga, Zver<\/strong><\/a> ter njegov prevod Levijevega <a href=\"https:\/\/plus.cobiss.net\/cobiss\/si\/sl\/bib\/224882688\" target=\"_blank\" rel=\"noopener\"><strong>Klju\u010da Misterijev<\/strong><\/a>.<\/p>\n<p><strong>10. aprila 2009<\/strong> smo prvi\u010d postavili spletno stran www.telema.si (sedaj <strong>www.thelema.si<\/strong>) in poleti 2010 je iz\u0161lo eno najpomembnej\u0161ih del &#8211; <a href=\"https:\/\/plus.cobiss.net\/cobiss\/si\/sl\/bib\/251622144\" target=\"_blank\" rel=\"noopener\"><strong>Zakon je za vse<\/strong><\/a>, raz\u0161irjena razlaga in komentarji h Knjigi Zakona.<\/p>\n<p>Temu so naslednje leto (2011) sledile \u0161e knjige: <a href=\"https:\/\/plus.cobiss.net\/cobiss\/si\/sl\/bib\/255597056\" target=\"_blank\" rel=\"noopener\"><strong>Vizija in Glas<\/strong><\/a>, <a href=\"https:\/\/plus.cobiss.net\/cobiss\/si\/sl\/bib\/257308928\" target=\"_blank\" rel=\"noopener\"><strong>Tahutijeva Knjiga<\/strong><\/a> in Crowleyev <a href=\"https:\/\/plus.cobiss.net\/cobiss\/si\/sl\/bib\/252650752\" target=\"_blank\" rel=\"noopener\"><strong>Tao Teh King<\/strong><\/a>.<\/p>\n<p>Leta 2012 je v mariborski galeriji 3X potekala prva javna predstavitev zalo\u017ebe, kjer smo predstavili izdajo treh publikacij: <a href=\"https:\/\/plus.cobiss.net\/cobiss\/si\/sl\/bib\/262343680\" target=\"_blank\" rel=\"noopener\"><strong>Magika brez solz<\/strong><\/a>, <strong><a href=\"https:\/\/plus.cobiss.net\/cobiss\/si\/sl\/bib\/278913024\" target=\"_blank\" rel=\"noopener\">Komentarji na Knjigo Srca ovitega s Ka\u010do<\/a><\/strong> ter <strong><a href=\"https:\/\/plus.cobiss.net\/cobiss\/si\/sl\/bib\/262332928\" target=\"_blank\" rel=\"noopener\">Magika &#8211; Liber ABA &#8211; Knjiga 4<\/a><\/strong>.<\/p>\n<p>V naslednjih letih smo izdali \u0161e:\u00a0<a href=\"https:\/\/plus.cobiss.net\/cobiss\/si\/sl\/bib\/98522624\" target=\"_blank\" rel=\"noopener\"><strong>Knjigo Modrosti ali Norosti<\/strong><\/a> (2017), <strong><a href=\"https:\/\/plus.cobiss.net\/cobiss\/si\/sl\/bib\/282460928\" target=\"_blank\" rel=\"noopener\">Evangelij po sv. Bernardu Shawu<\/a><\/strong>, Janezovo mojstrovino <a href=\"https:\/\/plus.cobiss.net\/cobiss\/si\/sl\/bib\/281939712\" target=\"_blank\" rel=\"noopener\"><strong>Misterium Misticum Maximum,<\/strong><\/a> \u017dvabovo antropolo\u0161ko \u0161tudijo <a href=\"https:\/\/plus.cobiss.net\/cobiss\/si\/sl\/bib\/281715200\" target=\"_blank\" rel=\"noopener\"><strong>Magi\u010dna filozofija Aleistra Crowleya<\/strong><\/a>, ter <a href=\"https:\/\/plus.cobiss.net\/cobiss\/si\/sl\/bib\/282461440\" target=\"_blank\" rel=\"noopener\"><strong>Knjigo La\u017ei<\/strong><\/a> (2019).<\/p>\n<p>Nekako vzporedno so se ponovno pojavile te\u017enje po izdaji Knjige Zakona, ki je tudi na\u0161a (telemitska) temeljna knjiga.<\/p>\n<p>Ob trudu ve\u010djega \u0161tevila prevajalcev je na koncu obveljal prevod Janeza Trobentarja, ki je prevedel tudi vse dotedanje v zalo\u017ebi Ibis izdane Crowleyjeve knjige &#8211; izjema je le <a href=\"https:\/\/plus.cobiss.net\/cobiss\/si\/sl\/bib\/33376512\" target=\"_blank\" rel=\"noopener\"><strong>Liber Ararita<\/strong><\/a>, ki je vsebovan v Svetih Knjigah Teleme in je bil izdan \u017ee leta 1983 v samozalo\u017ebi SOL. V istem letu je Sekcija psihotronikov izdala prvi slovenski prevod <a href=\"https:\/\/plus.cobiss.net\/cobiss\/si\/sl\/bib\/33375744\" target=\"_blank\" rel=\"noopener\"><strong>Knjige Zakona<\/strong><\/a>.<\/p>\n<p>Po navodilih Knjige<a href=\"#_ftnref1\">[1]<\/a> se je kasneje sestavila <strong>Tabla Zakona<\/strong>, ki smo ji datum izdaje dolo\u010dili na 1. marca 2020. Njena prva predstavitev se je izvedla v prostorih Lo\u017ee Stele Razodetja, 29. februarja 2020. Natisnili smo jo v 300 izvodih B1 formata, prilo\u017een pa ji je bil <strong>Ritual Zakona ali Manifest Ljubezni <\/strong>Matja\u017ea \u017dabjeka.<\/p>\n<p>Kasneje, 22. 02. 2022, je iz\u0161la \u0161e knji\u017eica, imenovana <a href=\"https:\/\/plus.cobiss.net\/cobiss\/si\/sl\/bib\/76915203\" target=\"_blank\" rel=\"noopener\"><strong>Komentarji na posamezne verze Rituala Zakona ali Manifesta Ljubezni<\/strong><\/a>.<\/p>\n<p>V tem obdobju smo v zalo\u017ebi izdali tudi unikatna dela o Enohianski magiki izpod peresa velenjskega avtorja Sanela Ibra\u0161imovi\u0107a: <a href=\"https:\/\/plus.cobiss.net\/cobiss\/si\/sl\/bib\/24406275\" target=\"_blank\" rel=\"noopener\"><strong>Na kavi z Angeli<\/strong><\/a> (2020), <a href=\"https:\/\/plus.cobiss.net\/cobiss\/si\/sl\/bib\/66060547\" target=\"_blank\" rel=\"noopener\"><strong>Na kavi z Magusom<\/strong><\/a> (2021) in <a href=\"https:\/\/plus.cobiss.net\/cobiss\/si\/sl\/bib\/117001475\" target=\"_blank\" rel=\"noopener\"><strong>Magusove La\u017ei<\/strong><\/a> (2022).<\/p>\n<p>Po \u0161tevilnih verzijah prevoda in oblike Knjige Zakona smo leta 2022 uspeli izdati <strong>Knjigo Zakona<\/strong>, ki je iz\u0161la v oktobru (<a href=\"https:\/\/plus.cobiss.net\/cobiss\/si\/sl\/bib\/111364867\" target=\"_blank\" rel=\"noopener\"><strong>trda vezava, A5<\/strong><\/a>)\u00a0 decembru (<strong><a href=\"https:\/\/plus.cobiss.net\/cobiss\/si\/sl\/bib\/132071427\" target=\"_blank\" rel=\"noopener\">mehka vezava, A6<\/a><\/strong>) in v letu 2024 (<strong><a href=\"https:\/\/plus.cobiss.net\/cobiss\/si\/sl\/bib\/195741955\" target=\"_blank\" rel=\"noopener\">mehko-\u0161ivana vezava, A5<\/a><\/strong>).<\/p>\n<p style=\"text-align: left;\">Leta 2024 smo pri\u010deli s prenovo spletne strani, hkrati pa smo svetovni javnosti ponudili knji\u017eico <a href=\"https:\/\/www.amazon.com\/Ritual-Love-Manifesto-commentary-verse-ebook\/dp\/B0CXKGZRVP\/ref=sr_1_1?dib=eyJ2IjoiMSJ9.c90aho9Un-V6IENvG3b2XA.dPVR0PJqHQ2ykbqEYZgxqxPKz_WOw8JImMFch-YWOuM&amp;dib_tag=se&amp;keywords=Ritual+of+the+Law+or+Love+Manifesto+with+commentary+to+each+verse&amp;qid=1710598964&amp;sr=8-1\" target=\"_blank\" rel=\"noopener\"><strong>Ritual of the Law or Love Manifesto with commentary to each verse<\/strong><\/a>.<\/p>\n<p style=\"text-align: left;\">To je na\u0161a 31-letna zgodba. Kar sledi, ostaja faktor neznan.<\/p>\n<p>Nabor vseh na\u0161ih knjig je za izposojo in nakup na voljo na portalu <strong><a href=\"https:\/\/www.biblos.si\/zalozba\/26551\" target=\"_blank\" rel=\"noopener\">Biblos<\/a> <\/strong>ter v spletni knjigarni <a href=\"https:\/\/buca.si\/zalozba\/drustvo-ibis\/\" target=\"_blank\" rel=\"noopener\"><strong>Bu\u010da<\/strong><\/a>.<\/p>\n<p style=\"text-align: left;\">Naro\u010dila za dve deli &#8211; <strong><a href=\"https:\/\/thelema.si\/index.php\/knjiga-zakona\/\" target=\"_blank\" rel=\"noopener\">Knjigo Zakona<\/a><\/strong>, natisnjeno na ro\u010dno narejenem papirju in <a href=\"https:\/\/thelema.si\/index.php\/tabla-zakona\/\" target=\"_blank\" rel=\"noopener\"><strong>Tablo Zakona<\/strong><\/a> &#8211; pa sprejemamo tudi elektronsko na <strong>publishing.ibis@gmail.com<\/strong>.<br \/>\n<a href=\"#_ftn3\" name=\"_ftnref3\"><\/a><\/p>\n<p>Vabljeni k branju!<\/p>\n<p><a href=\"#_ftnref1\" name=\"_ftn2\">[1]<\/a> AL III 73. &#8220;Zalepi liste od desne proti levi in od vrha do dna: nato glej!&#8221;<a href=\"#_ftnref3\" name=\"_ftn3\"><\/a><br \/>\n<!-- Google Tag Manager (noscript) --><br \/>\n<noscript><iframe src=\"https:\/\/www.googletagmanager.com\/ns.html?id=GTM-PMGXFWC3\" height=\"0\" width=\"0\" style=\"display:none;visibility:hidden\"><\/iframe><\/noscript><br \/>\n<!-- End Google Tag Manager (noscript) --><\/p>\n","protected":false},"excerpt":{"rendered":"<p>let mineva od izida prve knjige pri zalo\u017ebi Ibis. 1. decembra leta 1993 so iz\u0161le Svete Knjige Teleme. Prevedel in z uvodom opremil jih je Janez Trobentar, ki je pred tem v samozalo\u017ebi \u017ee izdal Knjigo La\u017ei (1985) in Knjigo Zakona (1986). Izdaji Svetih Knjig Teleme je v okviru Studia za Alkibernetiko sledila izdaja Revij Magike za novo Kurtuazijo: NOX I (1994), NOX II (1995) in NOX III (2001). Leta 2006 pa je v sodelovanju z zalo\u017ebo Stella iz\u0161el \u0161e Trobentarjev prvenec \u010clovek, Sfinga, Zver ter njegov prevod Levijevega Klju\u010da Misterijev. 10. aprila 2009 smo prvi\u010d postavili spletno stran www.telema.si (sedaj www.thelema.si) in poleti 2010 je iz\u0161lo eno najpomembnej\u0161ih del &#8211; Zakon je za vse, raz\u0161irjena razlaga in komentarji h Knjigi Zakona. Temu so naslednje leto (2011) sledile \u0161e knjige: Vizija in Glas, Tahutijeva Knjiga in Crowleyev Tao Teh King. Leta 2012 je v mariborski galeriji 3X potekala prva javna predstavitev zalo\u017ebe, kjer smo predstavili izdajo treh publikacij: Magika brez solz, Komentarji na Knjigo Srca ovitega s Ka\u010do ter Magika &#8211; Liber ABA &#8211; Knjiga 4. V naslednjih letih smo izdali \u0161e:\u00a0Knjigo Modrosti ali Norosti (2017), Evangelij po sv. Bernardu Shawu, Janezovo mojstrovino Misterium Misticum Maximum, \u017dvabovo antropolo\u0161ko \u0161tudijo Magi\u010dna filozofija Aleistra Crowleya, ter Knjigo La\u017ei (2019). Nekako vzporedno so se ponovno pojavile te\u017enje po izdaji Knjige Zakona, ki je tudi na\u0161a (telemitska) temeljna knjiga. Ob trudu ve\u010djega \u0161tevila prevajalcev je na koncu obveljal prevod Janeza Trobentarja, ki je prevedel tudi vse dotedanje v zalo\u017ebi Ibis izdane Crowleyjeve knjige &#8211; izjema je le Liber Ararita, ki je vsebovan v Svetih Knjigah Teleme in je bil izdan \u017ee leta 1983 v samozalo\u017ebi SOL. V istem letu je Sekcija psihotronikov izdala prvi slovenski prevod Knjige Zakona. Po navodilih Knjige[1] se je kasneje sestavila Tabla Zakona, ki smo ji datum izdaje dolo\u010dili na 1. marca 2020. Njena prva predstavitev se je izvedla v prostorih Lo\u017ee Stele Razodetja, 29. februarja 2020. Natisnili smo jo v 300 izvodih B1 formata, prilo\u017een pa ji je bil Ritual Zakona ali Manifest Ljubezni Matja\u017ea \u017dabjeka. Kasneje, 22. 02. 2022, je iz\u0161la \u0161e knji\u017eica, imenovana Komentarji na posamezne verze Rituala Zakona ali Manifesta Ljubezni. V tem obdobju smo v zalo\u017ebi izdali tudi unikatna dela o Enohianski magiki izpod peresa velenjskega avtorja Sanela Ibra\u0161imovi\u0107a: Na kavi z Angeli (2020), Na kavi z Magusom (2021) in Magusove La\u017ei (2022). Po \u0161tevilnih verzijah prevoda in oblike Knjige Zakona smo leta 2022 uspeli izdati Knjigo Zakona, ki je iz\u0161la v oktobru (trda vezava, A5)\u00a0 decembru (mehka vezava, A6) in v letu 2024 (mehko-\u0161ivana vezava, A5). Leta 2024 smo pri\u010deli s prenovo spletne strani, hkrati pa smo svetovni javnosti ponudili knji\u017eico Ritual of the Law or Love Manifesto with commentary to each verse. To je na\u0161a 31-letna zgodba. Kar sledi, ostaja faktor neznan. Nabor vseh na\u0161ih knjig je za izposojo in nakup na voljo na portalu Biblos ter v spletni knjigarni Bu\u010da. Naro\u010dila za dve deli &#8211; Knjigo Zakona, natisnjeno na ro\u010dno narejenem papirju in Tablo Zakona &#8211; pa sprejemamo tudi elektronsko na publishing.ibis@gmail.com. Vabljeni k branju! [1] AL III 73. &#8220;Zalepi liste od desne proti levi in od vrha do dna: nato glej!&#8221;<\/p>\n","protected":false},"author":1,"featured_media":0,"parent":0,"menu_order":0,"comment_status":"closed","ping_status":"closed","template":"","meta":{"_monsterinsights_skip_tracking":false,"_monsterinsights_sitenote_active":false,"_monsterinsights_sitenote_note":"","_monsterinsights_sitenote_category":0,"footnotes":""},"class_list":["post-866","page","type-page","status-publish","hentry"],"_links":{"self":[{"href":"https:\/\/thelema.si\/index.php\/wp-json\/wp\/v2\/pages\/866","targetHints":{"allow":["GET"]}}],"collection":[{"href":"https:\/\/thelema.si\/index.php\/wp-json\/wp\/v2\/pages"}],"about":[{"href":"https:\/\/thelema.si\/index.php\/wp-json\/wp\/v2\/types\/page"}],"author":[{"embeddable":true,"href":"https:\/\/thelema.si\/index.php\/wp-json\/wp\/v2\/users\/1"}],"replies":[{"embeddable":true,"href":"https:\/\/thelema.si\/index.php\/wp-json\/wp\/v2\/comments?post=866"}],"version-history":[{"count":23,"href":"https:\/\/thelema.si\/index.php\/wp-json\/wp\/v2\/pages\/866\/revisions"}],"predecessor-version":[{"id":1144,"href":"https:\/\/thelema.si\/index.php\/wp-json\/wp\/v2\/pages\/866\/revisions\/1144"}],"wp:attachment":[{"href":"https:\/\/thelema.si\/index.php\/wp-json\/wp\/v2\/media?parent=866"}],"curies":[{"name":"wp","href":"https:\/\/api.w.org\/{rel}","templated":true}]}}