{"id":442,"date":"2022-02-22T18:54:05","date_gmt":"2022-02-22T16:54:05","guid":{"rendered":"https:\/\/telema.si\/?page_id=442"},"modified":"2024-03-14T20:22:05","modified_gmt":"2024-03-14T18:22:05","slug":"ritual-zakona","status":"publish","type":"page","link":"https:\/\/thelema.si\/index.php\/ritual-zakona\/","title":{"rendered":""},"content":{"rendered":"<p><!-- Google Tag Manager --><br \/>\n<script>(function(w,d,s,l,i){w[l]=w[l]||[];w[l].push({'gtm.start':\nnew Date().getTime(),event:'gtm.js'});var f=d.getElementsByTagName(s)[0],\nj=d.createElement(s),dl=l!='dataLayer'?'&l='+l:'';j.async=true;j.src=\n'https:\/\/www.googletagmanager.com\/gtm.js?id='+i+dl;f.parentNode.insertBefore(j,f);\n})(window,document,'script','dataLayer','GTM-PMGXFWC3');<\/script><br \/>\n<!-- End Google Tag Manager --><br \/>\n<a href=\"https:\/\/www.biblos.si\/isbn\/9789619548356\" target=\"_blank\" rel=\"noopener\"><img fetchpriority=\"high\" decoding=\"async\" class=\"aligncenter wp-image-735 \" src=\"https:\/\/thelema.si\/wp-content\/uploads\/2023\/07\/Ritual-Zakona-01-884x1024.jpg\" alt=\"\" width=\"655\" height=\"758\" srcset=\"https:\/\/thelema.si\/wp-content\/uploads\/2023\/07\/Ritual-Zakona-01-884x1024.jpg 884w, https:\/\/thelema.si\/wp-content\/uploads\/2023\/07\/Ritual-Zakona-01-259x300.jpg 259w, https:\/\/thelema.si\/wp-content\/uploads\/2023\/07\/Ritual-Zakona-01-768x889.jpg 768w, https:\/\/thelema.si\/wp-content\/uploads\/2023\/07\/Ritual-Zakona-01-1326x1536.jpg 1326w, https:\/\/thelema.si\/wp-content\/uploads\/2023\/07\/Ritual-Zakona-01-1768x2048.jpg 1768w, https:\/\/thelema.si\/wp-content\/uploads\/2023\/07\/Ritual-Zakona-01-1140x1320.jpg 1140w\" sizes=\"(max-width: 655px) 100vw, 655px\" \/><\/a><\/p>\n<p style=\"font-weight: 400; text-align: center;\">Ritualu Zakona bi lahko rekli tudi: &#8220;Ritual Poroke&#8221;, &#8220;Ritual Lo\u010ditve&#8221; ali pa &#8220;Ritual Mediacije&#8221;.<\/p>\n<p style=\"font-weight: 400; text-align: center;\">Njegov namen je, da raztrga okove stare dobe, izni\u010di neZakonite zakone, osvobodi Ljubezen iz trdnjave in postavi nove vrednote.<\/p>\n<p style=\"font-weight: 400; text-align: center;\">Ritual prika\u017ee Zakoniti princip, po katerem naj bi se ljubimci, mo\u0161ki in \u017eenske, zdru\u017eevali v Ljubezni pod Voljo, posku\u0161a prepre\u010diti splo\u0161no zgre\u0161enost in naravnanost \u010dlove\u0161kega mi\u0161ljenja in \u010dlove\u0161kih navad in je nekak\u0161na za\u0161\u010dita proti napa\u010dnemu dojemanju fiziologije partnersko-ljubezenskih povezav.<\/p>\n<p style=\"font-weight: 400; text-align: center;\">V prvi vrsti ga priporo\u010damo vsem, ki so sprejeli Zakon Tel\u00e9me, \u0161e posebej preden bodo pri\u010deli s katerokoli drugo \u00bbprakso\u00ab, saj so posledice le-te, ob napa\u010dnem dojemanju Ljubezni in me\u0161anju le-te z \u00bbomejeno ljubeznijo\u00ab, v skoraj vseh primerih travmati\u010dno-dramati\u010dne.<\/p>\n<p style=\"text-align: center;\"><a href=\"https:\/\/www.amazon.com\/dp\/B0CXKGZRVP\/\" target=\"_blank\" rel=\"noopener\">Angle\u0161ka verzija knjige<\/a><\/p>\n<p><!-- Google Tag Manager (noscript) --><br \/>\n<noscript><iframe src=\"https:\/\/www.googletagmanager.com\/ns.html?id=GTM-PMGXFWC3\"\nheight=\"0\" width=\"0\" style=\"display:none;visibility:hidden\"><\/iframe><\/noscript><br \/>\n<!-- End Google Tag Manager (noscript) --><\/p>\n","protected":false},"excerpt":{"rendered":"<p>Ritualu Zakona bi lahko rekli tudi: &#8220;Ritual Poroke&#8221;, &#8220;Ritual Lo\u010ditve&#8221; ali pa &#8220;Ritual Mediacije&#8221;. Njegov namen je, da raztrga okove stare dobe, izni\u010di neZakonite zakone, osvobodi Ljubezen iz trdnjave in postavi nove vrednote. Ritual prika\u017ee Zakoniti princip, po katerem naj bi se ljubimci, mo\u0161ki in \u017eenske, zdru\u017eevali v Ljubezni pod Voljo, posku\u0161a prepre\u010diti splo\u0161no zgre\u0161enost in naravnanost \u010dlove\u0161kega mi\u0161ljenja in \u010dlove\u0161kih navad in je nekak\u0161na za\u0161\u010dita proti napa\u010dnemu dojemanju fiziologije partnersko-ljubezenskih povezav. V prvi vrsti ga priporo\u010damo vsem, ki so sprejeli Zakon Tel\u00e9me, \u0161e posebej preden bodo pri\u010deli s katerokoli drugo \u00bbprakso\u00ab, saj so posledice le-te, ob napa\u010dnem dojemanju Ljubezni in me\u0161anju le-te z \u00bbomejeno ljubeznijo\u00ab, v skoraj vseh primerih travmati\u010dno-dramati\u010dne. Angle\u0161ka verzija knjige<\/p>\n","protected":false},"author":1,"featured_media":0,"parent":0,"menu_order":0,"comment_status":"closed","ping_status":"closed","template":"","meta":{"_monsterinsights_skip_tracking":false,"_monsterinsights_sitenote_active":false,"_monsterinsights_sitenote_note":"","_monsterinsights_sitenote_category":0,"footnotes":""},"class_list":["post-442","page","type-page","status-publish","hentry"],"_links":{"self":[{"href":"https:\/\/thelema.si\/index.php\/wp-json\/wp\/v2\/pages\/442","targetHints":{"allow":["GET"]}}],"collection":[{"href":"https:\/\/thelema.si\/index.php\/wp-json\/wp\/v2\/pages"}],"about":[{"href":"https:\/\/thelema.si\/index.php\/wp-json\/wp\/v2\/types\/page"}],"author":[{"embeddable":true,"href":"https:\/\/thelema.si\/index.php\/wp-json\/wp\/v2\/users\/1"}],"replies":[{"embeddable":true,"href":"https:\/\/thelema.si\/index.php\/wp-json\/wp\/v2\/comments?post=442"}],"version-history":[{"count":23,"href":"https:\/\/thelema.si\/index.php\/wp-json\/wp\/v2\/pages\/442\/revisions"}],"predecessor-version":[{"id":889,"href":"https:\/\/thelema.si\/index.php\/wp-json\/wp\/v2\/pages\/442\/revisions\/889"}],"wp:attachment":[{"href":"https:\/\/thelema.si\/index.php\/wp-json\/wp\/v2\/media?parent=442"}],"curies":[{"name":"wp","href":"https:\/\/api.w.org\/{rel}","templated":true}]}}