{"id":433,"date":"2021-10-14T09:47:00","date_gmt":"2021-10-14T07:47:00","guid":{"rendered":"https:\/\/telema.si\/?page_id=433"},"modified":"2025-08-27T10:35:52","modified_gmt":"2025-08-27T08:35:52","slug":"knjiga-zakona","status":"publish","type":"page","link":"https:\/\/thelema.si\/index.php\/knjiga-zakona\/","title":{"rendered":"Knjiga Zakona"},"content":{"rendered":"\t\t<div data-elementor-type=\"wp-page\" data-elementor-id=\"433\" class=\"elementor elementor-433\">\n\t\t\t\t\t\t<section class=\"elementor-section elementor-top-section elementor-element elementor-element-2dc6a049 elementor-section-boxed elementor-section-height-default elementor-section-height-default wpr-particle-no wpr-jarallax-no wpr-parallax-no wpr-sticky-section-no\" data-id=\"2dc6a049\" data-element_type=\"section\" data-e-type=\"section\">\n\t\t\t\t\t\t<div class=\"elementor-container elementor-column-gap-default\">\n\t\t\t\t\t<div class=\"elementor-column elementor-col-100 elementor-top-column elementor-element elementor-element-61b0f936\" data-id=\"61b0f936\" data-element_type=\"column\" data-e-type=\"column\">\n\t\t\t<div class=\"elementor-widget-wrap elementor-element-populated\">\n\t\t\t\t\t\t<div class=\"elementor-element elementor-element-27a22abf elementor-widget elementor-widget-text-editor\" data-id=\"27a22abf\" data-element_type=\"widget\" data-e-type=\"widget\" data-widget_type=\"text-editor.default\">\n\t\t\t\t<div class=\"elementor-widget-container\">\n\t\t\t\t\t\t\t\t\t<p><img fetchpriority=\"high\" decoding=\"async\" class=\"wp-image-550 size-large aligncenter\" src=\"https:\/\/thelema.si\/wp-content\/uploads\/2022\/08\/Knjiga-Zakona_0-1024x461.jpg\" alt=\"\" width=\"960\" height=\"432\" srcset=\"https:\/\/thelema.si\/wp-content\/uploads\/2022\/08\/Knjiga-Zakona_0-1024x461.jpg 1024w, https:\/\/thelema.si\/wp-content\/uploads\/2022\/08\/Knjiga-Zakona_0-300x135.jpg 300w, https:\/\/thelema.si\/wp-content\/uploads\/2022\/08\/Knjiga-Zakona_0-768x345.jpg 768w, https:\/\/thelema.si\/wp-content\/uploads\/2022\/08\/Knjiga-Zakona_0-1536x691.jpg 1536w, https:\/\/thelema.si\/wp-content\/uploads\/2022\/08\/Knjiga-Zakona_0-2048x921.jpg 2048w, https:\/\/thelema.si\/wp-content\/uploads\/2022\/08\/Knjiga-Zakona_0-1140x513.jpg 1140w, https:\/\/thelema.si\/wp-content\/uploads\/2022\/08\/Knjiga-Zakona_0-scaled-400x180.jpg 400w\" sizes=\"(max-width: 960px) 100vw, 960px\" \/><br \/><img decoding=\"async\" class=\"aligncenter wp-image-551 size-large\" src=\"https:\/\/thelema.si\/wp-content\/uploads\/2022\/08\/Knjiga-Zakona_1-1024x461.jpg\" alt=\"\" width=\"960\" height=\"432\" srcset=\"https:\/\/thelema.si\/wp-content\/uploads\/2022\/08\/Knjiga-Zakona_1-1024x461.jpg 1024w, https:\/\/thelema.si\/wp-content\/uploads\/2022\/08\/Knjiga-Zakona_1-300x135.jpg 300w, https:\/\/thelema.si\/wp-content\/uploads\/2022\/08\/Knjiga-Zakona_1-768x345.jpg 768w, https:\/\/thelema.si\/wp-content\/uploads\/2022\/08\/Knjiga-Zakona_1-1536x691.jpg 1536w, https:\/\/thelema.si\/wp-content\/uploads\/2022\/08\/Knjiga-Zakona_1-2048x921.jpg 2048w, https:\/\/thelema.si\/wp-content\/uploads\/2022\/08\/Knjiga-Zakona_1-1140x513.jpg 1140w, https:\/\/thelema.si\/wp-content\/uploads\/2022\/08\/Knjiga-Zakona_1-scaled-400x180.jpg 400w\" sizes=\"(max-width: 960px) 100vw, 960px\" \/><br \/><img decoding=\"async\" class=\"aligncenter wp-image-552 size-large\" src=\"https:\/\/thelema.si\/wp-content\/uploads\/2022\/08\/Knjiga-Zakona_2-1024x461.jpg\" alt=\"\" width=\"960\" height=\"432\" srcset=\"https:\/\/thelema.si\/wp-content\/uploads\/2022\/08\/Knjiga-Zakona_2-1024x461.jpg 1024w, https:\/\/thelema.si\/wp-content\/uploads\/2022\/08\/Knjiga-Zakona_2-300x135.jpg 300w, https:\/\/thelema.si\/wp-content\/uploads\/2022\/08\/Knjiga-Zakona_2-768x345.jpg 768w, https:\/\/thelema.si\/wp-content\/uploads\/2022\/08\/Knjiga-Zakona_2-1536x691.jpg 1536w, https:\/\/thelema.si\/wp-content\/uploads\/2022\/08\/Knjiga-Zakona_2-2048x921.jpg 2048w, https:\/\/thelema.si\/wp-content\/uploads\/2022\/08\/Knjiga-Zakona_2-1140x513.jpg 1140w, https:\/\/thelema.si\/wp-content\/uploads\/2022\/08\/Knjiga-Zakona_2-scaled-400x180.jpg 400w\" sizes=\"(max-width: 960px) 100vw, 960px\" \/><\/p><p style=\"text-align: center;\">Natisnjena na ro\u010dno narejenem papirju.<br \/>Vezana ro\u010dno v trdo, \u0161ivani vezavi (platnice karton), A5 format.<br \/>Cena je 111 eur + po\u0161tnina.<br \/>Predviden datum izdaje je 1. december 2024, oz. ob naro\u010dilu \u0161t. 11.<br \/>Prednaro\u010dila na: publishing.ibis@gmail.com<\/p><p style=\"text-align: center;\">* * *<\/p><p style=\"text-align: center;\"><a href=\"https:\/\/buca.si\/zalozba\/drustvo-ibis\/\" target=\"_blank\" rel=\"noopener\">Promocijske izdaje Knjige Zakona<\/a><\/p>\t\t\t\t\t\t\t\t<\/div>\n\t\t\t\t<\/div>\n\t\t\t\t\t<\/div>\n\t\t<\/div>\n\t\t\t\t\t<\/div>\n\t\t<\/section>\n\t\t\t\t<\/div>\n\t\t","protected":false},"excerpt":{"rendered":"<p>Natisnjena na ro\u010dno narejenem papirju.Vezana ro\u010dno v trdo, \u0161ivani vezavi (platnice karton), A5 format.Cena je 111 eur + po\u0161tnina.Predviden datum izdaje je 1. december 2024, oz. ob naro\u010dilu \u0161t. 11.Prednaro\u010dila na: publishing.ibis@gmail.com * * * Promocijske izdaje Knjige Zakona<\/p>\n","protected":false},"author":1,"featured_media":0,"parent":0,"menu_order":0,"comment_status":"closed","ping_status":"closed","template":"","meta":{"_monsterinsights_skip_tracking":false,"_monsterinsights_sitenote_active":false,"_monsterinsights_sitenote_note":"","_monsterinsights_sitenote_category":0,"footnotes":""},"class_list":["post-433","page","type-page","status-publish","hentry"],"_links":{"self":[{"href":"https:\/\/thelema.si\/index.php\/wp-json\/wp\/v2\/pages\/433","targetHints":{"allow":["GET"]}}],"collection":[{"href":"https:\/\/thelema.si\/index.php\/wp-json\/wp\/v2\/pages"}],"about":[{"href":"https:\/\/thelema.si\/index.php\/wp-json\/wp\/v2\/types\/page"}],"author":[{"embeddable":true,"href":"https:\/\/thelema.si\/index.php\/wp-json\/wp\/v2\/users\/1"}],"replies":[{"embeddable":true,"href":"https:\/\/thelema.si\/index.php\/wp-json\/wp\/v2\/comments?post=433"}],"version-history":[{"count":31,"href":"https:\/\/thelema.si\/index.php\/wp-json\/wp\/v2\/pages\/433\/revisions"}],"predecessor-version":[{"id":1143,"href":"https:\/\/thelema.si\/index.php\/wp-json\/wp\/v2\/pages\/433\/revisions\/1143"}],"wp:attachment":[{"href":"https:\/\/thelema.si\/index.php\/wp-json\/wp\/v2\/media?parent=433"}],"curies":[{"name":"wp","href":"https:\/\/api.w.org\/{rel}","templated":true}]}}