{"id":25,"date":"2021-09-17T13:58:28","date_gmt":"2021-09-17T11:58:28","guid":{"rendered":"https:\/\/telema.si\/?page_id=25"},"modified":"2024-08-01T07:57:36","modified_gmt":"2024-08-01T05:57:36","slug":"tabla-zakona","status":"publish","type":"page","link":"https:\/\/thelema.si\/index.php\/tabla-zakona\/","title":{"rendered":"Tabla Zakona"},"content":{"rendered":"\t\t<div data-elementor-type=\"wp-page\" data-elementor-id=\"25\" class=\"elementor elementor-25\">\n\t\t\t\t\t\t<section class=\"elementor-section elementor-top-section elementor-element elementor-element-367c7c41 elementor-section-boxed elementor-section-height-default elementor-section-height-default wpr-particle-no wpr-jarallax-no wpr-parallax-no wpr-sticky-section-no\" data-id=\"367c7c41\" data-element_type=\"section\" data-e-type=\"section\">\n\t\t\t\t\t\t<div class=\"elementor-container elementor-column-gap-default\">\n\t\t\t\t\t<div class=\"elementor-column elementor-col-100 elementor-top-column elementor-element elementor-element-7566faee\" data-id=\"7566faee\" data-element_type=\"column\" data-e-type=\"column\">\n\t\t\t<div class=\"elementor-widget-wrap elementor-element-populated\">\n\t\t\t\t\t\t<div class=\"elementor-element elementor-element-2a041746 elementor-widget elementor-widget-text-editor\" data-id=\"2a041746\" data-element_type=\"widget\" data-e-type=\"widget\" data-widget_type=\"text-editor.default\">\n\t\t\t\t<div class=\"elementor-widget-container\">\n\t\t\t\t\t\t\t\t\t<h6><img fetchpriority=\"high\" decoding=\"async\" class=\"aligncenter wp-image-175 size-full\" src=\"https:\/\/thelema.si\/wp-content\/uploads\/2021\/09\/718-The-Book-of-the-Law_LIBER-XXXI-CCXX-11X6-1000X707-na-B1_8-nov-2018_size-1080-scaled.jpg\" alt=\"\" width=\"1806\" height=\"2560\" srcset=\"https:\/\/thelema.si\/wp-content\/uploads\/2021\/09\/718-The-Book-of-the-Law_LIBER-XXXI-CCXX-11X6-1000X707-na-B1_8-nov-2018_size-1080-scaled.jpg 1806w, https:\/\/thelema.si\/wp-content\/uploads\/2021\/09\/718-The-Book-of-the-Law_LIBER-XXXI-CCXX-11X6-1000X707-na-B1_8-nov-2018_size-1080-212x300.jpg 212w, https:\/\/thelema.si\/wp-content\/uploads\/2021\/09\/718-The-Book-of-the-Law_LIBER-XXXI-CCXX-11X6-1000X707-na-B1_8-nov-2018_size-1080-722x1024.jpg 722w, https:\/\/thelema.si\/wp-content\/uploads\/2021\/09\/718-The-Book-of-the-Law_LIBER-XXXI-CCXX-11X6-1000X707-na-B1_8-nov-2018_size-1080-768x1089.jpg 768w, https:\/\/thelema.si\/wp-content\/uploads\/2021\/09\/718-The-Book-of-the-Law_LIBER-XXXI-CCXX-11X6-1000X707-na-B1_8-nov-2018_size-1080-1083x1536.jpg 1083w, https:\/\/thelema.si\/wp-content\/uploads\/2021\/09\/718-The-Book-of-the-Law_LIBER-XXXI-CCXX-11X6-1000X707-na-B1_8-nov-2018_size-1080-1445x2048.jpg 1445w, https:\/\/thelema.si\/wp-content\/uploads\/2021\/09\/718-The-Book-of-the-Law_LIBER-XXXI-CCXX-11X6-1000X707-na-B1_8-nov-2018_size-1080-1140x1616.jpg 1140w, https:\/\/thelema.si\/wp-content\/uploads\/2021\/09\/718-The-Book-of-the-Law_LIBER-XXXI-CCXX-11X6-1000X707-na-B1_8-nov-2018_size-1080-scaled-1552x2200.jpg 1552w, https:\/\/thelema.si\/wp-content\/uploads\/2021\/09\/718-The-Book-of-the-Law_LIBER-XXXI-CCXX-11X6-1000X707-na-B1_8-nov-2018_size-1080-scaled-400x567.jpg 400w\" sizes=\"(max-width: 1806px) 100vw, 1806px\" \/><\/h6><h5 style=\"text-align: center;\">O Tabli Zakona<\/h5><p style=\"text-align: center;\"><span style=\"color: #800000;\"><em>Delaj po svoji volji in to naj ti bo ves Zakon.<\/em><\/span><\/p><p style=\"text-align: center;\">Tabla Zakona je poskus razporeditve listov Knjige Zakona v obliko Table, po samih navodilih podanih v le tej, citiram:<\/p><p style=\"text-align: center;\"><em>\u201c<\/em><em>Zalepi liste od desne proti levi in od vrha do dna: nato glej!<br \/><\/em><em>Obstaja sijaj v mojem imenu skrivnem in veli\u010dastnem, kakor je sonce ob polno\u010di vedno sin.<\/em><em>\u201d\u00a0 <\/em><em>(AL III 73, 74)<\/em><\/p><p style=\"text-align: center;\">Pet in \u0161estdeset listov Knjige Zakona in Komentar, je aran\u017eiranih v \u0161est vrstic in enajst stolpcev. Prvo poglavje (22 listov) zavzemajo prve dve vrstice, naslednje dve, drugo poglavje (22 listov), zadnje dve pa tretje poglavje (21 listov + Komentar). Zgornji del Table vsebuje manuskript (Liber XXXI), spodnji del pa transkripcijo manuskripta (Liber CCXX).<\/p><p style=\"text-align: center;\">Za spremljevalni \u0161tudij se priporo\u010da branje komentarjev na Knjigo Zakona ter ostalo tel\u00e9mitsko literaturo.<\/p><p style=\"text-align: center;\">Ker gre za sveto knjigo, jo je smiselno obesiti v &#8220;najsvetej\u0161i&#8221; prostor va\u0161ega bivali\u0161\u010da. \u00a0\u010ce se vam morebiti zdi, da\u00a0 energije table delujejo na okolico preintenzivno, jo snamete in pospravite na varno mesto, dokler se stvari ne umirijo in uravnote\u017eijo ali jo pa\u010d ob neuporabi prekrijte z tkanino.<\/p><p style=\"text-align: center;\">V enkratnem pogledu imamo pred seboj celoten Zakon, vseh 65+1 listov zasije v enkratnem sijaju. Originalna razporeditev listov knjige je od desne proti levi in od zgoraj navzdol, lahko pa jo beremo tudi v poljubnih smereh, zaporedju, naklju\u010dno itd. V dani obliki jo lahko uporabite \u00a0za meditacijo, za divinacijo\u2026<\/p><p style=\"text-align: center;\">Tabla Zakoni in sama razporeditev listov Knjige Zakona v obliko &#8220;Table Zakona&#8221;, je umetni\u0161ko delo izdajatelja samega in ni uraden dokument Ordo Tempi Orientisa.<\/p><p style=\"text-align: center;\">Ob tej priliki bi se rad zahvalil samemu redu Ordo Tempi Orientis Slovenija, da je omogo\u010dil izdajo v manj\u0161i nakladi.<\/p><p style=\"text-align: center;\"><span style=\"color: #800000;\"><em>Ljubezen je zakon, ljubezen pod voljo.<\/em><\/span><em>\u00a0<\/em><\/p><p style=\"text-align: center;\"><em>Ibis Publisher&amp;Co.<br \/>March 1, Anno V v (2020 e.v.)<\/em><\/p><p style=\"text-align: center;\"><em>Maribor \u2013 Slovenija<\/em><\/p><p>Format Table: B1; 980&#215;680 mm<br \/>Na\u010din tiska: Offset tisk<br \/>Papir: 170g &#8211; premazni &#8211; Matt<br \/>Embala\u017ea: kartonski tulec; 70&#215;720 mm<br \/>Cena: 11\u20ac (+po\u0161tnina)<br \/>Naro\u010dila na: <em>ibis.publisher@gmail.com<\/em><\/p><p>[woowgallery id=&#8221;501&#8243;]<\/p>\t\t\t\t\t\t\t\t<\/div>\n\t\t\t\t<\/div>\n\t\t\t\t\t<\/div>\n\t\t<\/div>\n\t\t\t\t\t<\/div>\n\t\t<\/section>\n\t\t\t\t<\/div>\n\t\t","protected":false},"excerpt":{"rendered":"<p>O Tabli Zakona Delaj po svoji volji in to naj ti bo ves Zakon. Tabla Zakona je poskus razporeditve listov Knjige Zakona v obliko Table, po samih navodilih podanih v le tej, citiram: \u201cZalepi liste od desne proti levi in od vrha do dna: nato glej! Obstaja sijaj v mojem imenu skrivnem in veli\u010dastnem, kakor je sonce ob polno\u010di vedno sin.\u201d\u00a0 (AL III 73, 74) Pet in \u0161estdeset listov Knjige Zakona in Komentar, je aran\u017eiranih v \u0161est vrstic in enajst stolpcev. Prvo poglavje (22 listov) zavzemajo prve dve vrstice, naslednje dve, drugo poglavje (22 listov), zadnje dve pa tretje poglavje (21 listov + Komentar). Zgornji del Table vsebuje manuskript (Liber XXXI), spodnji del pa transkripcijo manuskripta (Liber CCXX). Za spremljevalni \u0161tudij se priporo\u010da branje komentarjev na Knjigo Zakona ter ostalo tel\u00e9mitsko literaturo. Ker gre za sveto knjigo, jo je smiselno obesiti v &#8220;najsvetej\u0161i&#8221; prostor va\u0161ega bivali\u0161\u010da. \u00a0\u010ce se vam morebiti zdi, da\u00a0 energije table delujejo na okolico preintenzivno, jo snamete in pospravite na varno mesto, dokler se stvari ne umirijo in uravnote\u017eijo ali jo pa\u010d ob neuporabi prekrijte z tkanino. V enkratnem pogledu imamo pred seboj celoten Zakon, vseh 65+1 listov zasije v enkratnem sijaju. Originalna razporeditev listov knjige je od desne proti levi in od zgoraj navzdol, lahko pa jo beremo tudi v poljubnih smereh, zaporedju, naklju\u010dno itd. V dani obliki jo lahko uporabite \u00a0za meditacijo, za divinacijo\u2026 Tabla Zakoni in sama razporeditev listov Knjige Zakona v obliko &#8220;Table Zakona&#8221;, je umetni\u0161ko delo izdajatelja samega in ni uraden dokument Ordo Tempi Orientisa. Ob tej priliki bi se rad zahvalil samemu redu Ordo Tempi Orientis Slovenija, da je omogo\u010dil izdajo v manj\u0161i nakladi. Ljubezen je zakon, ljubezen pod voljo.\u00a0 Ibis Publisher&amp;Co. March 1, Anno V v (2020 e.v.) Maribor \u2013 Slovenija Format Table: B1; 980&#215;680 mm Na\u010din tiska: Offset tisk Papir: 170g &#8211; premazni &#8211; Matt Embala\u017ea: kartonski tulec; 70&#215;720 mm Cena: 11\u20ac (+embala\u017ea in po\u0161tnina) Naro\u010dila na: ibis.publisher@gmail.com &nbsp;<\/p>\n","protected":false},"author":1,"featured_media":0,"parent":0,"menu_order":0,"comment_status":"closed","ping_status":"closed","template":"","meta":{"_monsterinsights_skip_tracking":false,"_monsterinsights_sitenote_active":false,"_monsterinsights_sitenote_note":"","_monsterinsights_sitenote_category":0,"footnotes":""},"class_list":["post-25","page","type-page","status-publish","hentry"],"_links":{"self":[{"href":"https:\/\/thelema.si\/index.php\/wp-json\/wp\/v2\/pages\/25","targetHints":{"allow":["GET"]}}],"collection":[{"href":"https:\/\/thelema.si\/index.php\/wp-json\/wp\/v2\/pages"}],"about":[{"href":"https:\/\/thelema.si\/index.php\/wp-json\/wp\/v2\/types\/page"}],"author":[{"embeddable":true,"href":"https:\/\/thelema.si\/index.php\/wp-json\/wp\/v2\/users\/1"}],"replies":[{"embeddable":true,"href":"https:\/\/thelema.si\/index.php\/wp-json\/wp\/v2\/comments?post=25"}],"version-history":[{"count":85,"href":"https:\/\/thelema.si\/index.php\/wp-json\/wp\/v2\/pages\/25\/revisions"}],"predecessor-version":[{"id":941,"href":"https:\/\/thelema.si\/index.php\/wp-json\/wp\/v2\/pages\/25\/revisions\/941"}],"wp:attachment":[{"href":"https:\/\/thelema.si\/index.php\/wp-json\/wp\/v2\/media?parent=25"}],"curies":[{"name":"wp","href":"https:\/\/api.w.org\/{rel}","templated":true}]}}