{"id":1121,"date":"2025-02-21T11:56:34","date_gmt":"2025-02-21T09:56:34","guid":{"rendered":"https:\/\/thelema.si\/?page_id=1121"},"modified":"2025-02-21T11:56:34","modified_gmt":"2025-02-21T09:56:34","slug":"svete-knjige-teleme-pdf","status":"publish","type":"page","link":"https:\/\/thelema.si\/index.php\/svete-knjige-teleme-pdf\/","title":{"rendered":"Svete Knige Teleme &#8211; PDF"},"content":{"rendered":"<p><a href=\"https:\/\/ia600806.us.archive.org\/31\/items\/svete-knjige-teleme-2025\/Svete%20Knjige%20Teleme_2025.pdf\"><strong>Svete Knjige Teleme<\/strong><\/a> so najpomembnej\u0161a zapu\u0161\u010dina njihovega pisca, Aleisterja Crowleya (1875-1947 E.V.). Njih osnovna vrednost za nas, njegove dedi\u010de, ne le\u017ei toliko v njihovi literarni odli\u010dnosti, kolikor v notranjem uvidu in iluminaciji, ki ju ponujajo ob vsakem branju.<\/p>\n<p>Napisane, kakor na dolo\u010den na\u010din so, na najvzvi\u0161enej\u0161ih nivojih spiritualne izku\u0161nje, so zmo\u017ene v bralcu razviti, ne le zmerno, temve\u010d nara\u0161\u010dajo\u010do dovzetnost za svojo umetnost. Ker so bile napisane skozi Crowleya, se ne morejo uvr\u0161\u010dati v isti razred z ostalimi deli Crowleyevih misti\u010dnih in magijskih instrukcij. One ponujajo mnogo ve\u010d kot le informacijo in poduk \u2014 one otvarjajo dostop do pisateljevega genija, in lahko v dovzetnem bralcu potom simpateti\u010dne resonance obudijo aspiracijo k tovrstnem izkustvu.<\/p>\n<p>Najpomembnej\u0161i liber (ali knjiga) je temeljni dokument Teleme: <strong><a href=\"https:\/\/thelema.si\/index.php\/knjiga-zakona\/\">Liber AL Vel Legis Sub Figur\u00e2 CCXX<\/a><\/strong>. Izvorno je bila naslovljena Liber L, a je bila kasneje preimenovana v Liber AL (kar se izgovarja tudi el ), ter se pogosto naslavlja kot Liber Legis, ali Knjiga Zakona. Sprejem te Knjige v Kairu v Egiptu je signaliziral iz\u017eivetje Eona Ozirisa in inavguriral novi Eon Horusa; tako je leto 1904 E.V. (Era Vulgaris ali obi\u010dajna era) leto 0 v telemitskem koledarju.<\/p>\n<p><strong>V 32. letu delovanja zalo\u017ebe smo izdali elektronsko razli\u010dico Svetih Knjig Teleme, ki se niti v najmanj\u0161i podrobnosti ne razlikuje od njene tiskane sestre. Je prosto dostopna &#8211; <a href=\"https:\/\/ia600806.us.archive.org\/31\/items\/svete-knjige-teleme-2025\/Svete%20Knjige%20Teleme_2025.pdf\">svoj izvod si lahko prenesete tukaj<\/a>.<\/strong><\/p>\n<figure id=\"attachment_1124\" aria-describedby=\"caption-attachment-1124\" style=\"width: 431px\" class=\"wp-caption aligncenter\"><a href=\"https:\/\/ia600806.us.archive.org\/31\/items\/svete-knjige-teleme-2025\/Svete%20Knjige%20Teleme_2025.pdf\"><img fetchpriority=\"high\" decoding=\"async\" class=\"size-full wp-image-1124\" src=\"https:\/\/thelema.si\/wp-content\/uploads\/2025\/02\/svete-knjige.png\" alt=\"svete knjige teleme\" width=\"431\" height=\"610\" srcset=\"https:\/\/thelema.si\/wp-content\/uploads\/2025\/02\/svete-knjige.png 431w, https:\/\/thelema.si\/wp-content\/uploads\/2025\/02\/svete-knjige-212x300.png 212w\" sizes=\"(max-width: 431px) 100vw, 431px\" \/><\/a><figcaption id=\"caption-attachment-1124\" class=\"wp-caption-text\">svete knjige teleme<\/figcaption><\/figure>\n<p style=\"text-align: left;\"><a href=\"#_ftn3\" name=\"_ftnref3\"><\/a><\/p>\n<p><noscript><iframe src=\"https:\/\/www.googletagmanager.com\/ns.html?id=GTM-PMGXFWC3\" height=\"0\" width=\"0\" style=\"display:none;visibility:hidden\"><\/iframe><\/noscript><br \/>\n<!-- End Google Tag Manager (noscript) --><\/p>\n","protected":false},"excerpt":{"rendered":"<p>Svete Knjige Teleme so najpomembnej\u0161a zapu\u0161\u010dina njihovega pisca, Aleisterja Crowleya (1875-1947 E.V.). Njih osnovna vrednost za nas, njegove dedi\u010de, ne le\u017ei toliko v njihovi literarni odli\u010dnosti, kolikor v notranjem uvidu in iluminaciji, ki ju ponujajo ob vsakem branju. Napisane, kakor na dolo\u010den na\u010din so, na najvzvi\u0161enej\u0161ih nivojih spiritualne izku\u0161nje, so zmo\u017ene v bralcu razviti, ne le zmerno, temve\u010d nara\u0161\u010dajo\u010do dovzetnost za svojo umetnost. Ker so bile napisane skozi Crowleya, se ne morejo uvr\u0161\u010dati v isti razred z ostalimi deli Crowleyevih misti\u010dnih in magijskih instrukcij. One ponujajo mnogo ve\u010d kot le informacijo in poduk \u2014 one otvarjajo dostop do pisateljevega genija, in lahko v dovzetnem bralcu potom simpateti\u010dne resonance obudijo aspiracijo k tovrstnem izkustvu. Najpomembnej\u0161i liber (ali knjiga) je temeljni dokument Teleme: Liber AL Vel Legis Sub Figur\u00e2 CCXX. Izvorno je bila naslovljena Liber L, a je bila kasneje preimenovana v Liber AL (kar se izgovarja tudi el ), ter se pogosto naslavlja kot Liber Legis, ali Knjiga Zakona. Sprejem te Knjige v Kairu v Egiptu je signaliziral iz\u017eivetje Eona Ozirisa in inavguriral novi Eon Horusa; tako je leto 1904 E.V. (Era Vulgaris ali obi\u010dajna era) leto 0 v telemitskem koledarju. V 32. letu delovanja zalo\u017ebe smo izdali elektronsko razli\u010dico Svetih Knjig Teleme, ki se niti v najmanj\u0161i podrobnosti ne razlikuje od njene tiskane sestre. Je prosto dostopna &#8211; svoj izvod si lahko prenesete tukaj.<\/p>\n","protected":false},"author":1,"featured_media":0,"parent":0,"menu_order":0,"comment_status":"closed","ping_status":"closed","template":"","meta":{"_monsterinsights_skip_tracking":false,"_monsterinsights_sitenote_active":false,"_monsterinsights_sitenote_note":"","_monsterinsights_sitenote_category":0,"footnotes":""},"class_list":["post-1121","page","type-page","status-publish","hentry"],"_links":{"self":[{"href":"https:\/\/thelema.si\/index.php\/wp-json\/wp\/v2\/pages\/1121","targetHints":{"allow":["GET"]}}],"collection":[{"href":"https:\/\/thelema.si\/index.php\/wp-json\/wp\/v2\/pages"}],"about":[{"href":"https:\/\/thelema.si\/index.php\/wp-json\/wp\/v2\/types\/page"}],"author":[{"embeddable":true,"href":"https:\/\/thelema.si\/index.php\/wp-json\/wp\/v2\/users\/1"}],"replies":[{"embeddable":true,"href":"https:\/\/thelema.si\/index.php\/wp-json\/wp\/v2\/comments?post=1121"}],"version-history":[{"count":3,"href":"https:\/\/thelema.si\/index.php\/wp-json\/wp\/v2\/pages\/1121\/revisions"}],"predecessor-version":[{"id":1125,"href":"https:\/\/thelema.si\/index.php\/wp-json\/wp\/v2\/pages\/1121\/revisions\/1125"}],"wp:attachment":[{"href":"https:\/\/thelema.si\/index.php\/wp-json\/wp\/v2\/media?parent=1121"}],"curies":[{"name":"wp","href":"https:\/\/api.w.org\/{rel}","templated":true}]}}